{"id":109,"date":"2016-02-15T19:42:13","date_gmt":"2016-02-15T18:42:13","guid":{"rendered":"http:\/\/www.s\u00e4ttraboule.se\/?page_id=109"},"modified":"2026-03-16T20:19:10","modified_gmt":"2026-03-16T19:19:10","slug":"medlem-2","status":"publish","type":"page","link":"https:\/\/www.sattraboule.se\/?page_id=109","title":{"rendered":"Medlem"},"content":{"rendered":"<p>Som medlem i S\u00e4ttra Golf- och Bouleklubb ing\u00e5r gratis deltagande i alla organiserade turneringar.<\/p>\n<p>Varmt v\u00e4lkommen!<\/p>\n<h1>Medlemsavgift<\/h1>\n<p>F\u00f6r att betala medlems\/\u00e5rsavgift ser vi helst att du s\u00e4tter in pengar p\u00e5 S\u00e4ttra Golf &amp; Boulef\u00f6renings Bankgironummer, swishar eller g\u00e5r ner p\u00e5 serveringen och betalar via Swish.<\/p>\n<p style=\"padding-left: 30px;\">Via ins\u00e4ttning<br \/>\n&#8211; Inbetalning till <strong>BG: <\/strong>729-8060<br \/>\n&#8211; M\u00e4rk inbetalningen med\u00a0<strong>medlemsnummer\/namn<\/strong> (befintliga medlemmar)<br \/>\n&#8211; M\u00e4rk inbetalningen med\u00a0<strong>namn och telefonnummer<\/strong> (nya medlemmar)<\/p>\n<p>Via Swish<\/p>\n<p>&#8211; Telefonnummer: 123 &#8211; 571 06 45<\/p>\n<p>F\u00f6r att uppr\u00e4tth\u00e5lla ett korrekt medlemsregister anv\u00e4nds telefonnumret om mer information kr\u00e4vs. Telefonnumret kommer inte att ges ut eller publiceras p\u00e5 varken hemsidan eller f\u00f6reningens anl\u00e4ggning.<\/p>\n<p>Nya medlemmar m\u00e5ste fylla i anm\u00e4lningsformul\u00e4ret nedan:<\/p>\n<div style=\"max-width: 800px; margin: auto;\"><iframe loading=\"lazy\" src=\"https:\/\/docs.google.com\/forms\/d\/e\/1FAIpQLScEQ3m6AIEBSYYBnXszn8FB113xbDaFCqGoWROyoaroOq7BVg\/viewform?embedded=true\" width=\"100%\" height=\"900\" frameborder=\"0\" marginwidth=\"0\" marginheight=\"0\"><br \/>\n  Laddar\u2026<br \/>\n  <\/iframe><\/div>\n<p><strong>Medlemsavgiften \u00e4r i \u00e5r 300 kr per fastighet.<br \/>\nD\u00e5 ing\u00e5r:<\/strong><\/p>\n<ul>\n<li data-section-id=\"9rhibx\" data-start=\"0\" data-end=\"31\">\n<p data-start=\"2\" data-end=\"31\">St\u00f6ttning till verksamheten<\/p>\n<\/li>\n<li data-section-id=\"1sfl7bs\" data-start=\"32\" data-end=\"86\">\n<p data-start=\"34\" data-end=\"86\">Deltagande p\u00e5 de fyra arrangerade boulet\u00e4vlingarna<\/p>\n<\/li>\n<li data-section-id=\"vhpl5z\" data-start=\"87\" data-end=\"131\" data-is-last-node=\"\">\n<p data-start=\"89\" data-end=\"131\" data-is-last-node=\"\">Middag p\u00e5 h\u00f6stfesten (exklusive dryck)<\/p>\n<\/li>\n<\/ul>\n","protected":false},"excerpt":{"rendered":"<p>Som medlem i S\u00e4ttra Golf- och Bouleklubb ing\u00e5r gratis deltagande i alla organiserade turneringar. Varmt v\u00e4lkommen! Medlemsavgift F\u00f6r att betala medlems\/\u00e5rsavgift ser vi helst att du s\u00e4tter in pengar p\u00e5 S\u00e4ttra Golf &amp; Boulef\u00f6renings Bankgironummer, swishar eller g\u00e5r ner p\u00e5 serveringen och betalar via Swish. Via ins\u00e4ttning &#8211; Inbetalning till BG: 729-8060 &#8211; M\u00e4rk inbetalningen&#8230;<\/p>\n","protected":false},"author":1,"featured_media":0,"parent":0,"menu_order":0,"comment_status":"closed","ping_status":"closed","template":"","meta":{"footnotes":""},"_links":{"self":[{"href":"https:\/\/www.sattraboule.se\/index.php?rest_route=\/wp\/v2\/pages\/109"}],"collection":[{"href":"https:\/\/www.sattraboule.se\/index.php?rest_route=\/wp\/v2\/pages"}],"about":[{"href":"https:\/\/www.sattraboule.se\/index.php?rest_route=\/wp\/v2\/types\/page"}],"author":[{"embeddable":true,"href":"https:\/\/www.sattraboule.se\/index.php?rest_route=\/wp\/v2\/users\/1"}],"replies":[{"embeddable":true,"href":"https:\/\/www.sattraboule.se\/index.php?rest_route=%2Fwp%2Fv2%2Fcomments&post=109"}],"version-history":[{"count":27,"href":"https:\/\/www.sattraboule.se\/index.php?rest_route=\/wp\/v2\/pages\/109\/revisions"}],"predecessor-version":[{"id":1411,"href":"https:\/\/www.sattraboule.se\/index.php?rest_route=\/wp\/v2\/pages\/109\/revisions\/1411"}],"wp:attachment":[{"href":"https:\/\/www.sattraboule.se\/index.php?rest_route=%2Fwp%2Fv2%2Fmedia&parent=109"}],"curies":[{"name":"wp","href":"https:\/\/api.w.org\/{rel}","templated":true}]}}