{"id":12,"date":"2015-12-07T22:00:46","date_gmt":"2015-12-07T21:00:46","guid":{"rendered":"http:\/\/www.s\u00e4ttraboule.se\/?page_id=12"},"modified":"2025-06-05T06:22:47","modified_gmt":"2025-06-05T04:22:47","slug":"boule","status":"publish","type":"page","link":"https:\/\/www.sattraboule.se\/?page_id=12","title":{"rendered":"Turneringar"},"content":{"rendered":"\n<p id=\"block-276dd21a-99f2-4f8d-a984-456ffcfd47b2\">I b\u00e5de singel- och sommarturneringen avg\u00f6rs matcherna i 2 set.<br>Deltagarna i varje grupp kontaktar varandra och best\u00e4mmer tid f\u00f6r spel. Saknas kontakt kan spelledarna f\u00f6rmedla. <\/p>\n\n\n\n<p class=\"has-medium-font-size\"><strong>Gruppspel&nbsp;<\/strong>(b\u00e5de singel- och sommarturneringen)<\/p>\n\n\n\n<p>Deltagarna\/lagen i varje grupp kontaktar varandra och best\u00e4mmer tid f\u00f6r spel. Saknas kontakt kan spelledarna f\u00f6rmedla.<br>Sista speldag f\u00f6r gruppspel \u00e4r: singleturneringen 28 juli och sommarturneringen 4 augusti.<br>Varje match i gruppspelet spelas i tv\u00e5 set. Efter varje match noteras resultatet p\u00e5 spelplanen i serveringen med po\u00e4ng f\u00f6r varje set.<\/p>\n\n\n\n<p class=\"has-medium-font-size\"><strong>Finalspel<\/strong><\/p>\n\n\n\n<p><strong>Singelturneringen<\/strong><br>Vinnarna i varje grupp samt b\u00e4sta andraplatsen g\u00e5r vidare till finalspel i augusti.<br>Finalmatcherna spelas i tv\u00e5 set, varje set max 45 minuter.<\/p>\n\n\n\n<p><strong>Sommarturneringen<\/strong><br>Ettorna och tv\u00e5orna i varje grupp samt de tv\u00e5 b\u00e4sta tredjeplatserna g\u00e5r vidare till finalspel.<br>Kvart- och semifinaler spelas i augusti. Spelas i tv\u00e5 set, varje set max 45 minuter.<br>Medaljspel i augusti. Spelas i tre set, varje set max 45 minuter.<\/p>\n\n\n\n<h2 class=\"wp-block-heading has-large-font-size\" id=\"block-7a064ae2-1d02-4119-9b0c-a593f8e702e0\">SINGELTURNERING <\/h2>\n\n\n\n<figure class=\"wp-block-table is-style-stripes\"><table><tbody><tr><td>Grupp 1<\/td><td>Match-po\u00e4ng<\/td><td>Klot-po\u00e4ng<\/td><td>Matcher<\/td><\/tr><tr><td>Namn 1<\/td><td><\/td><td><\/td><td><\/td><\/tr><tr><td>Namn 2<\/td><td><\/td><td><\/td><td><\/td><\/tr><tr><td>Namn 3<\/td><td><\/td><td><\/td><td><\/td><\/tr><tr><td>Namn 4<\/td><td><\/td><td><\/td><td><\/td><\/tr><tr><td>Namn 5<\/td><td><\/td><td><\/td><td><\/td><\/tr><tr><td>Namn 6<\/td><td><\/td><td><\/td><td><\/td><\/tr><\/tbody><\/table><\/figure>\n\n\n\n<p><\/p>\n\n\n\n<figure class=\"wp-block-table is-style-stripes\"><table><tbody><tr><td>Grupp 2<\/td><td>Match-po\u00e4ng<\/td><td>Klot-po\u00e4ng<\/td><td>Matcher<\/td><\/tr><tr><td>Namn 1<\/td><td><\/td><td><\/td><td><\/td><\/tr><tr><td>Namn 2<\/td><td><\/td><td><\/td><td><\/td><\/tr><tr><td>Namn 3<\/td><td><\/td><td><\/td><td><\/td><\/tr><tr><td>Namn 4<\/td><td><\/td><td><\/td><td><\/td><\/tr><tr><td>Namn 5<\/td><td><\/td><td><\/td><td><\/td><\/tr><tr><td>Namn 6<\/td><td><\/td><td><\/td><td><\/td><\/tr><\/tbody><\/table><figcaption class=\"wp-element-caption\"><br><\/figcaption><\/figure>\n\n\n\n<p><\/p>\n\n\n\n<figure class=\"wp-block-table is-style-stripes\"><table><tbody><tr><td>Grupp 3<\/td><td>Match-po\u00e4ng<\/td><td>Klot-po\u00e4ng<\/td><td>Matcher<\/td><\/tr><tr><td>Namn 1<\/td><td><\/td><td><\/td><td><\/td><\/tr><tr><td>Namn 2<\/td><td><\/td><td><\/td><td><\/td><\/tr><tr><td>Namn 3<\/td><td><\/td><td><\/td><td><\/td><\/tr><tr><td>Namn 4<\/td><td><\/td><td><\/td><td><\/td><\/tr><tr><td>Namn 5<\/td><td><\/td><td><\/td><td><\/td><\/tr><tr><td>Namn 6<\/td><td><\/td><td><\/td><td><\/td><\/tr><\/tbody><\/table><\/figure>\n\n\n\n<p class=\"has-large-font-size\"><strong>SOMMARTURNERINGEN<\/strong> <\/p>\n\n\n\n<figure class=\"wp-block-table is-style-stripes\"><table><tbody><tr><td>Grupp 1<\/td><td>Match-po\u00e4ng<\/td><td>Klot-po\u00e4ng<\/td><td>Matcher<\/td><\/tr><tr><td>Namn 1<\/td><td><\/td><td><\/td><td><\/td><\/tr><tr><td>Namn 2<\/td><td><\/td><td><\/td><td><\/td><\/tr><tr><td>Namn 3<\/td><td><\/td><td><\/td><td><\/td><\/tr><tr><td>Namn 4<\/td><td><\/td><td><\/td><td><\/td><\/tr><tr><td>Namn 5<\/td><td><\/td><td><\/td><td><\/td><\/tr><tr><td>Namn 6<\/td><td><\/td><td><\/td><td><\/td><\/tr><\/tbody><\/table><\/figure>\n\n\n\n<figure class=\"wp-block-table is-style-stripes\"><table><tbody><tr><td>Grupp 1<\/td><td>Match-po\u00e4ng<\/td><td>Klot-po\u00e4ng<\/td><td>Matcher<\/td><\/tr><tr><td>Namn 1<\/td><td><\/td><td><\/td><td><\/td><\/tr><tr><td>Namn 2<\/td><td><\/td><td><\/td><td><\/td><\/tr><tr><td>Namn 3<\/td><td><\/td><td><\/td><td><\/td><\/tr><tr><td>Namn 4<\/td><td><\/td><td><\/td><td><\/td><\/tr><tr><td>Namn 5<\/td><td><\/td><td><\/td><td><\/td><\/tr><tr><td>Namn 6<\/td><td><\/td><td><\/td><td><\/td><\/tr><\/tbody><\/table><\/figure>\n\n\n\n<figure class=\"wp-block-table is-style-stripes\"><table><tbody><tr><td>Grupp 1<\/td><td>Match-po\u00e4ng<\/td><td>Klot-po\u00e4ng<\/td><td>Matcher<\/td><\/tr><tr><td>Namn 1<\/td><td><\/td><td><\/td><td><\/td><\/tr><tr><td>Namn 2<\/td><td><\/td><td><\/td><td><\/td><\/tr><tr><td>Namn 3<\/td><td><\/td><td><\/td><td><\/td><\/tr><tr><td>Namn 4<\/td><td><\/td><td><\/td><td><\/td><\/tr><tr><td>Namn 5<\/td><td><\/td><td><\/td><td><\/td><\/tr><tr><td>Namn 6<\/td><td><\/td><td><\/td><td><\/td><\/tr><\/tbody><\/table><\/figure>\n","protected":false},"excerpt":{"rendered":"<p>I b\u00e5de singel- och sommarturneringen avg\u00f6rs matcherna i 2 set.Deltagarna i varje grupp kontaktar varandra och best\u00e4mmer tid f\u00f6r spel. Saknas kontakt kan spelledarna f\u00f6rmedla. Gruppspel&nbsp;(b\u00e5de singel- och sommarturneringen) Deltagarna\/lagen i varje grupp kontaktar varandra och best\u00e4mmer tid f\u00f6r spel. Saknas kontakt kan spelledarna f\u00f6rmedla.Sista speldag f\u00f6r gruppspel \u00e4r: singleturneringen 28 juli och sommarturneringen 4&#8230;<\/p>\n","protected":false},"author":1,"featured_media":0,"parent":0,"menu_order":0,"comment_status":"closed","ping_status":"closed","template":"","meta":{"footnotes":""},"_links":{"self":[{"href":"https:\/\/www.sattraboule.se\/index.php?rest_route=\/wp\/v2\/pages\/12"}],"collection":[{"href":"https:\/\/www.sattraboule.se\/index.php?rest_route=\/wp\/v2\/pages"}],"about":[{"href":"https:\/\/www.sattraboule.se\/index.php?rest_route=\/wp\/v2\/types\/page"}],"author":[{"embeddable":true,"href":"https:\/\/www.sattraboule.se\/index.php?rest_route=\/wp\/v2\/users\/1"}],"replies":[{"embeddable":true,"href":"https:\/\/www.sattraboule.se\/index.php?rest_route=%2Fwp%2Fv2%2Fcomments&post=12"}],"version-history":[{"count":38,"href":"https:\/\/www.sattraboule.se\/index.php?rest_route=\/wp\/v2\/pages\/12\/revisions"}],"predecessor-version":[{"id":1347,"href":"https:\/\/www.sattraboule.se\/index.php?rest_route=\/wp\/v2\/pages\/12\/revisions\/1347"}],"wp:attachment":[{"href":"https:\/\/www.sattraboule.se\/index.php?rest_route=%2Fwp%2Fv2%2Fmedia&parent=12"}],"curies":[{"name":"wp","href":"https:\/\/api.w.org\/{rel}","templated":true}]}}