{"id":198,"date":"2016-04-09T12:42:00","date_gmt":"2016-04-09T10:42:00","guid":{"rendered":"http:\/\/www.s\u00e4ttraboule.se\/?page_id=198"},"modified":"2026-04-30T14:15:22","modified_gmt":"2026-04-30T12:15:22","slug":"turneringsanmalan","status":"publish","type":"page","link":"https:\/\/www.sattraboule.se\/?page_id=198","title":{"rendered":"Eventanm\u00e4lan"},"content":{"rendered":"<p>H\u00e4r kan ni anm\u00e4la er f\u00f6r att delta i turneringar och event.<br \/>\n<em>Observera \u00e4ven att alla inskickade uppgifter \u00e4r frivilliga sparas fram tills att aktuellt event genomf\u00f6rts. Kontakta webbansvarig om du vill att dina personuppgifter tas bort.<\/em><\/p>\n<p>H\u00e5ll alltid utkik efter sista anm\u00e4lningsdag.<\/p>\n<h2>N\u00e4r anm\u00e4lan \u00e4r \u00f6ppen kommer det upp aktuellt formul\u00e4r nedan.<\/h2>\n<p><a href=\"https:\/\/docs.google.com\/forms\/d\/e\/1FAIpQLSek_gkCLxORc66y7CpFceBBR8pRVFDtAYasRhTDRgGzT4Lzng\/viewform?usp=header\"><strong>Anm\u00e4lan V\u00e5rcupen 2026<\/strong><\/a><\/p>\n","protected":false},"excerpt":{"rendered":"<p>H\u00e4r kan ni anm\u00e4la er f\u00f6r att delta i turneringar och event. Observera \u00e4ven att alla inskickade uppgifter \u00e4r frivilliga sparas fram tills att aktuellt event genomf\u00f6rts. Kontakta webbansvarig om du vill att dina personuppgifter tas bort. H\u00e5ll alltid utkik efter sista anm\u00e4lningsdag. N\u00e4r anm\u00e4lan \u00e4r \u00f6ppen kommer det upp aktuellt formul\u00e4r nedan. Anm\u00e4lan V\u00e5rcupen&#8230;<\/p>\n","protected":false},"author":1,"featured_media":0,"parent":0,"menu_order":0,"comment_status":"closed","ping_status":"closed","template":"","meta":{"footnotes":""},"_links":{"self":[{"href":"https:\/\/www.sattraboule.se\/index.php?rest_route=\/wp\/v2\/pages\/198"}],"collection":[{"href":"https:\/\/www.sattraboule.se\/index.php?rest_route=\/wp\/v2\/pages"}],"about":[{"href":"https:\/\/www.sattraboule.se\/index.php?rest_route=\/wp\/v2\/types\/page"}],"author":[{"embeddable":true,"href":"https:\/\/www.sattraboule.se\/index.php?rest_route=\/wp\/v2\/users\/1"}],"replies":[{"embeddable":true,"href":"https:\/\/www.sattraboule.se\/index.php?rest_route=%2Fwp%2Fv2%2Fcomments&post=198"}],"version-history":[{"count":27,"href":"https:\/\/www.sattraboule.se\/index.php?rest_route=\/wp\/v2\/pages\/198\/revisions"}],"predecessor-version":[{"id":1428,"href":"https:\/\/www.sattraboule.se\/index.php?rest_route=\/wp\/v2\/pages\/198\/revisions\/1428"}],"wp:attachment":[{"href":"https:\/\/www.sattraboule.se\/index.php?rest_route=%2Fwp%2Fv2%2Fmedia&parent=198"}],"curies":[{"name":"wp","href":"https:\/\/api.w.org\/{rel}","templated":true}]}}