{"id":201,"date":"2016-04-09T12:42:26","date_gmt":"2016-04-09T10:42:26","guid":{"rendered":"http:\/\/www.s\u00e4ttraboule.se\/?page_id=201"},"modified":"2020-05-16T08:48:46","modified_gmt":"2020-05-16T06:48:46","slug":"turneringar","status":"publish","type":"page","link":"https:\/\/www.sattraboule.se\/?page_id=201","title":{"rendered":"Turneringar"},"content":{"rendered":"<p>H\u00e4r samlas information som ber\u00f6r turneringarna. Anm\u00e4lan hittar ni under en separat flik och d\u00e4r kan ni anm\u00e4la ett lag till respektive turnering. Spelar ni s\u00e5 \u00e4r det uppmuntrat att ni \u00e4ven st\u00e5r n\u00e5gra g\u00e5nger i serveringen (anm\u00e4lan till serveringen finns under serveringsfliken)!<\/p>\n<p>Vi ser fram emot en ny s\u00e4song, och m\u00e5nga tuffa fighter!<br \/>\n<em>V\u00e4l m\u00f6tt p\u00e5 banan!<\/em><\/p>\n<p><span style=\"color: #ff0000;\">Alla turneringar, med undantag f\u00f6r v\u00e5rcupen, \u00e4r inst\u00e4llda under sommar-s\u00e4songen 2020 p.g.a. Covid-19.\u00a0<\/span><\/p>\n<p>\u00c5rliga turneringar:<\/p>\n<p><strong>V\u00e5rcupen<\/strong><br \/>\n<em>Det \u00e4r h\u00f6g tid att damma av kloten och tvinga iv\u00e4g den ih\u00e4rdiga vintern!<br \/>\n<\/em><em>Till v\u00e5rcupen g\u00e5r det bra att anm\u00e4la era vanliga lag, eller skapa nya sp\u00e4nnande sammans\u00e4ttningar p\u00e5 egen hand. <\/em><em>Det g\u00e5r \u00e4ven bra att anm\u00e4la sig som ensamspelare och sedan skapa lag med n\u00e5gon annan ensamspelare<\/em><em>.<\/em><\/p>\n<p><strong>Sommarturneringen<\/strong><br \/>\n<em>Vi kommer ha samma uppl\u00e4gg p\u00e5 Sommarturneringen i \u00e5r som f\u00f6reg\u00e5ende \u00e5r. F\u00f6r nya eller er som gl\u00f6mt:<br \/>\n<\/em><em>&#8211; Lagen best\u00e5r av minst 2 deltagare, g\u00e4rna 1 eller 2 reserver!<\/em><em><br \/>\n<em>&#8211; Grupperna best\u00e5r av max 8 lag<\/em><br \/>\n<em>&#8211; Alla m\u00f6ter alla i gruppen en g\u00e5ng, lagen ansvarar sj\u00e4lva f\u00f6r att matcherna bokas och spelas.<\/em><br \/>\n<em>1 match = 2 set upp till 13 po\u00e4ng<\/em><br \/>\n<em>&#8211; 1:an och 2:an i varje grupp g\u00e5r till slutspel<\/em><br \/>\n<em>&#8211; Del 1 av slutspelet\u00a0<\/em><br \/>\n<em>&#8211; Final<\/em><\/em><\/p>\n<p><strong>Singelturneringen<br \/>\n<\/strong><em>Bouleturneringen d\u00e4r du spelar singel.<\/em><\/p>\n<p><span style=\"color: #000000;\"><b>S\u00e4ttram\u00e4sterskapet i minigolf (Senior\/Barn)<br \/>\n<\/b><\/span><em>Lennart Karlssons Cup<\/em><br \/>\nEn l\u00f6rdag i juni arrangerar vi en seniort\u00e4vling och en barn\/juniort\u00e4vling i minigolf.<br \/>\nIngen f\u00f6ranm\u00e4lan beh\u00f6vs.<br \/>\nSamling 11:30, spelstart 12:00.<br \/>\nSista start 14:30.<br \/>\nSeniorer g\u00e5r 1 varv, p\u00e5 alla 13 banorna.<br \/>\nBarn\/juniorer ( 3-15 \u00e5r) spelar p\u00e5 8 utvalda banor.<br \/>\nVi spelar 2 personer tillsammans, och \u00e4r varandras domare. Ulf Eliasson \u00e4r t\u00e4vlingsledare.<br \/>\nF\u00f6rsta, andra, tredjepris utdelas i b\u00e5da klasserna.<\/p>\n<p><strong>H\u00f6stcupen<br \/>\n<\/strong>En l\u00f6rdag i september spelas den traditionsfyllda H\u00f6stcupen.<br \/>\nSamling: 11.00 f\u00f6r lottning av lagen.<br \/>\nMatcher: 11.30 till ca 16.00.<br \/>\nSom vanligt lottar vi ihop de som anm\u00e4lt sig i tv\u00e5mannalag.<br \/>\n<a href=\"http:\/\/www.sattraboule.se\/?page_id=198\">Anm\u00e4lan via hemsidan<\/a>\/serveringen.<\/p>\n<p><span style=\"color: #000000;\">\u00c4ven du som\u00a0<span style=\"text-decoration: underline;\">inte<\/span>\u00a0\u00e4r medlem \u00e4r\u00a0<span style=\"text-decoration: underline;\">mycket v\u00e4lkommen<\/span>\u00a0att deltaga.\u00a0<\/span><br \/>\nKostnaden \u00e4r d\u00e5 50kr, som betalas p\u00e5 plats.<br \/>\nServeringen \u00e4r \u00f6ppen 11.30 till 15.30. K\u00f6ket st\u00e4nger kl. 15.00.<br \/>\nV\u00e4lkommen!<\/p>\n<p><strong>Annandagsboule 26\/12<br \/>\n<\/strong><i>Den traditionsfyllda och spektakul\u00e4ra annandagsboulen. En eller tv\u00e5 banor plogas upp och turneringen spelas p\u00e5 det underlag som bjuds.<\/i><\/p>\n","protected":false},"excerpt":{"rendered":"<p>H\u00e4r samlas information som ber\u00f6r turneringarna. Anm\u00e4lan hittar ni under en separat flik och d\u00e4r kan ni anm\u00e4la ett lag till respektive turnering. Spelar ni s\u00e5 \u00e4r det uppmuntrat att ni \u00e4ven st\u00e5r n\u00e5gra g\u00e5nger i serveringen (anm\u00e4lan till serveringen finns under serveringsfliken)! Vi ser fram emot en ny s\u00e4song, och m\u00e5nga tuffa fighter! V\u00e4l&#8230;<\/p>\n","protected":false},"author":1,"featured_media":0,"parent":0,"menu_order":0,"comment_status":"closed","ping_status":"closed","template":"","meta":{"footnotes":""},"_links":{"self":[{"href":"https:\/\/www.sattraboule.se\/index.php?rest_route=\/wp\/v2\/pages\/201"}],"collection":[{"href":"https:\/\/www.sattraboule.se\/index.php?rest_route=\/wp\/v2\/pages"}],"about":[{"href":"https:\/\/www.sattraboule.se\/index.php?rest_route=\/wp\/v2\/types\/page"}],"author":[{"embeddable":true,"href":"https:\/\/www.sattraboule.se\/index.php?rest_route=\/wp\/v2\/users\/1"}],"replies":[{"embeddable":true,"href":"https:\/\/www.sattraboule.se\/index.php?rest_route=%2Fwp%2Fv2%2Fcomments&post=201"}],"version-history":[{"count":21,"href":"https:\/\/www.sattraboule.se\/index.php?rest_route=\/wp\/v2\/pages\/201\/revisions"}],"predecessor-version":[{"id":794,"href":"https:\/\/www.sattraboule.se\/index.php?rest_route=\/wp\/v2\/pages\/201\/revisions\/794"}],"wp:attachment":[{"href":"https:\/\/www.sattraboule.se\/index.php?rest_route=%2Fwp%2Fv2%2Fmedia&parent=201"}],"curies":[{"name":"wp","href":"https:\/\/api.w.org\/{rel}","templated":true}]}}