{"id":221,"date":"2016-04-09T14:40:27","date_gmt":"2016-04-09T12:40:27","guid":{"rendered":"http:\/\/www.s\u00e4ttraboule.se\/?page_id=221"},"modified":"2016-04-10T22:13:08","modified_gmt":"2016-04-10T20:13:08","slug":"sattra-samfallighet","status":"publish","type":"page","link":"https:\/\/www.sattraboule.se\/?page_id=221","title":{"rendered":"S\u00e4ttra samf\u00e4llighet"},"content":{"rendered":"<p>Det finns givetvis andra f\u00f6reningar i S\u00e4ttra!<\/p>\n<p>S\u00e4ttra samf\u00e4llighetsf\u00f6rening har en hemsida som \u00e4r v\u00e4l v\u00e4rt ett bes\u00f6k f\u00f6r att h\u00e5lla sig uppdaterad om vad som h\u00e4nder hos oss i S\u00e4ttra,\u00a0<a href=\"http:\/\/www.sattra.se\/\" target=\"_blank\">http:\/\/www.sattra.se<\/a>. Tillsammans har vi roligare och \u00e4r starkare,kom ner och hj\u00e4lp till om du vill och ha en trevlig stund.<\/p>\n","protected":false},"excerpt":{"rendered":"<p>Det finns givetvis andra f\u00f6reningar i S\u00e4ttra! S\u00e4ttra samf\u00e4llighetsf\u00f6rening har en hemsida som \u00e4r v\u00e4l v\u00e4rt ett bes\u00f6k f\u00f6r att h\u00e5lla sig uppdaterad om vad som h\u00e4nder hos oss i S\u00e4ttra,\u00a0http:\/\/www.sattra.se. Tillsammans har vi roligare och \u00e4r starkare,kom ner och hj\u00e4lp till om du vill och ha en trevlig stund.<\/p>\n","protected":false},"author":1,"featured_media":0,"parent":0,"menu_order":0,"comment_status":"closed","ping_status":"closed","template":"","meta":{"footnotes":""},"_links":{"self":[{"href":"https:\/\/www.sattraboule.se\/index.php?rest_route=\/wp\/v2\/pages\/221"}],"collection":[{"href":"https:\/\/www.sattraboule.se\/index.php?rest_route=\/wp\/v2\/pages"}],"about":[{"href":"https:\/\/www.sattraboule.se\/index.php?rest_route=\/wp\/v2\/types\/page"}],"author":[{"embeddable":true,"href":"https:\/\/www.sattraboule.se\/index.php?rest_route=\/wp\/v2\/users\/1"}],"replies":[{"embeddable":true,"href":"https:\/\/www.sattraboule.se\/index.php?rest_route=%2Fwp%2Fv2%2Fcomments&post=221"}],"version-history":[{"count":2,"href":"https:\/\/www.sattraboule.se\/index.php?rest_route=\/wp\/v2\/pages\/221\/revisions"}],"predecessor-version":[{"id":254,"href":"https:\/\/www.sattraboule.se\/index.php?rest_route=\/wp\/v2\/pages\/221\/revisions\/254"}],"wp:attachment":[{"href":"https:\/\/www.sattraboule.se\/index.php?rest_route=%2Fwp%2Fv2%2Fmedia&parent=221"}],"curies":[{"name":"wp","href":"https:\/\/api.w.org\/{rel}","templated":true}]}}