{"id":336,"date":"2016-06-06T11:41:05","date_gmt":"2016-06-06T09:41:05","guid":{"rendered":"http:\/\/www.sattraboule.se\/?page_id=336"},"modified":"2020-05-16T08:40:41","modified_gmt":"2020-05-16T06:40:41","slug":"hostfest","status":"publish","type":"page","link":"https:\/\/www.sattraboule.se\/?page_id=336","title":{"rendered":"H\u00f6stfest"},"content":{"rendered":"<h3><span style=\"color: #ff0000;\"><strong>P.g.a. COVID-19 \u00e4r detta evenemang inst\u00e4llt 2020.\u00a0<\/strong><\/span><\/h3>\n<p><del>En l\u00f6rdag i augusti arrangerar vi den traditionella H\u00f6stfesten p\u00e5 S\u00e4ttra Golf &amp; Boule.<\/del><\/p>\n<p><del>I stora partyt\u00e4lt firar vi sommarens prestationer p\u00e5 och vid sidan om Golf &amp; Boulebanorna.<\/del><br \/>\n<del>Efter middagen har vi n\u00e5gra aktiviteter f\u00f6r oss f\u00f6r de som vill deltaga.<\/del><\/p>\n<p><del>Vi b\u00f6rjar med en v\u00e4lkomstdrink kl. 14.00<\/del><\/p>\n<p><del>Middag<\/del><\/p>\n<p><del>En dryck ing\u00e5r till maten.<\/del><\/p>\n<p><del>S\u00e4g till vid anm\u00e4lan om du \u00e4r\u00a0allergisk mot n\u00e5got i matv\u00e4g eller vegetarian.<\/del><\/p>\n<p><del>Pris:<\/del><br \/>\n<del>Vuxna: 200 kr<\/del><br \/>\n<del>Barn 0 till 15\u00e5r: 50kr.<\/del><\/p>\n<p><del>Anm\u00e4lan och betalning: Via f\u00f6reningens BG, alternativ p\u00e5 serveringen.<\/del><\/p>\n<p><del>V\u00e4lkomna!<\/del><br \/>\n<del>\u00d6nskar styrelsen<\/del><\/p>\n","protected":false},"excerpt":{"rendered":"<p>P.g.a. COVID-19 \u00e4r detta evenemang inst\u00e4llt 2020.\u00a0 En l\u00f6rdag i augusti arrangerar vi den traditionella H\u00f6stfesten p\u00e5 S\u00e4ttra Golf &amp; Boule. I stora partyt\u00e4lt firar vi sommarens prestationer p\u00e5 och vid sidan om Golf &amp; Boulebanorna. Efter middagen har vi n\u00e5gra aktiviteter f\u00f6r oss f\u00f6r de som vill deltaga. Vi b\u00f6rjar med en v\u00e4lkomstdrink kl&#8230;.<\/p>\n","protected":false},"author":4,"featured_media":420,"parent":0,"menu_order":0,"comment_status":"closed","ping_status":"closed","template":"","meta":{"footnotes":""},"_links":{"self":[{"href":"https:\/\/www.sattraboule.se\/index.php?rest_route=\/wp\/v2\/pages\/336"}],"collection":[{"href":"https:\/\/www.sattraboule.se\/index.php?rest_route=\/wp\/v2\/pages"}],"about":[{"href":"https:\/\/www.sattraboule.se\/index.php?rest_route=\/wp\/v2\/types\/page"}],"author":[{"embeddable":true,"href":"https:\/\/www.sattraboule.se\/index.php?rest_route=\/wp\/v2\/users\/4"}],"replies":[{"embeddable":true,"href":"https:\/\/www.sattraboule.se\/index.php?rest_route=%2Fwp%2Fv2%2Fcomments&post=336"}],"version-history":[{"count":11,"href":"https:\/\/www.sattraboule.se\/index.php?rest_route=\/wp\/v2\/pages\/336\/revisions"}],"predecessor-version":[{"id":783,"href":"https:\/\/www.sattraboule.se\/index.php?rest_route=\/wp\/v2\/pages\/336\/revisions\/783"}],"wp:featuredmedia":[{"embeddable":true,"href":"https:\/\/www.sattraboule.se\/index.php?rest_route=\/wp\/v2\/media\/420"}],"wp:attachment":[{"href":"https:\/\/www.sattraboule.se\/index.php?rest_route=%2Fwp%2Fv2%2Fmedia&parent=336"}],"curies":[{"name":"wp","href":"https:\/\/api.w.org\/{rel}","templated":true}]}}