{"id":338,"date":"2016-06-06T11:42:01","date_gmt":"2016-06-06T09:42:01","guid":{"rendered":"http:\/\/www.sattraboule.se\/?page_id=338"},"modified":"2021-06-19T20:54:56","modified_gmt":"2021-06-19T18:54:56","slug":"anmalan","status":"publish","type":"page","link":"https:\/\/www.sattraboule.se\/?page_id=338","title":{"rendered":"Eventanm\u00e4lan"},"content":{"rendered":"<p>&nbsp;<\/p>\n<p>Betalning av eventavgiften kan ske via S\u00e4ttra Golf &amp;&nbsp;Boulef\u00f6reningens bankgironummer.<\/p>\n<ul>\n<li style=\"padding-left: 30px;\">Inbetalning till BG: 467-0626<\/li>\n<li style=\"padding-left: 30px;\">M\u00e4rk inbetalning med eventet och ditt namn<\/li>\n<\/ul>\n<p><em>Obs! Vid anm\u00e4lan till \u00c5landsresan b\u00f6r \u00e4ven namn, k\u00f6n, f\u00f6delse\u00e5r och nationalitet skrivas upp i anm\u00e4lan eller vid inbetalningen.<br \/>\nObservera \u00e4ven att alla inskickade uppgifter sparas fram tills att aktuellt event genomf\u00f6rts. Kontakta webansvarig om du vill att&nbsp;dina personuppgifter tas bort.<\/em><\/p>\n\n<div class=\"wpcf7 no-js\" id=\"wpcf7-f340-o1\" lang=\"sv-SE\" dir=\"ltr\">\n<div class=\"screen-reader-response\"><p role=\"status\" aria-live=\"polite\" aria-atomic=\"true\"><\/p> <ul><\/ul><\/div>\n<form action=\"\/index.php?rest_route=%2Fwp%2Fv2%2Fpages%2F338#wpcf7-f340-o1\" method=\"post\" class=\"wpcf7-form init\" aria-label=\"Kontaktformul\u00e4r\" novalidate=\"novalidate\" data-status=\"init\">\n<div style=\"display: none;\">\n<input type=\"hidden\" name=\"_wpcf7\" value=\"340\" \/>\n<input type=\"hidden\" name=\"_wpcf7_version\" value=\"5.9.3\" \/>\n<input type=\"hidden\" name=\"_wpcf7_locale\" value=\"sv_SE\" \/>\n<input type=\"hidden\" name=\"_wpcf7_unit_tag\" value=\"wpcf7-f340-o1\" \/>\n<input type=\"hidden\" name=\"_wpcf7_container_post\" value=\"0\" \/>\n<input type=\"hidden\" name=\"_wpcf7_posted_data_hash\" value=\"\" \/>\n<input type=\"hidden\" name=\"_wpcf7_recaptcha_response\" value=\"\" \/>\n<\/div>\n<p>Event\n<\/p>\n<p><span class=\"wpcf7-form-control-wrap\" data-name=\"event\"><select class=\"wpcf7-form-control wpcf7-select wpcf7-validates-as-required\" aria-required=\"true\" aria-invalid=\"false\" name=\"event\"><option value=\"\u00c5landsresa\">\u00c5landsresa<\/option><option value=\"Fotbollskv\u00e4ll\">Fotbollskv\u00e4ll<\/option><option value=\"Tjejkv\u00e4ll\">Tjejkv\u00e4ll<\/option><option value=\"Dans\">Dans<\/option><option value=\"H\u00f6stfest\">H\u00f6stfest<\/option><option value=\"Oktoberfest\">Oktoberfest<\/option><option value=\"Biokv\u00e4ll\">Biokv\u00e4ll<\/option><\/select><\/span>\n<\/p>\n<p>Namn\n<\/p>\n<p><span class=\"wpcf7-form-control-wrap\" data-name=\"your-name\"><input size=\"40\" class=\"wpcf7-form-control wpcf7-text wpcf7-validates-as-required\" aria-required=\"true\" aria-invalid=\"false\" value=\"\" type=\"text\" name=\"your-name\" \/><\/span>\n<\/p>\n<p>Epost\n<\/p>\n<p><span class=\"wpcf7-form-control-wrap\" data-name=\"email\"><input size=\"40\" class=\"wpcf7-form-control wpcf7-email wpcf7-validates-as-required wpcf7-text wpcf7-validates-as-email\" aria-required=\"true\" aria-invalid=\"false\" value=\"\" type=\"email\" name=\"email\" \/><\/span>\n<\/p>\n<p>\u00d6vrig info (matallergi etc)\n<\/p>\n<p><span class=\"wpcf7-form-control-wrap\" data-name=\"other\"><textarea cols=\"40\" rows=\"10\" class=\"wpcf7-form-control wpcf7-textarea wpcf7-validates-as-required\" aria-required=\"true\" aria-invalid=\"false\" name=\"other\"><\/textarea><\/span>\n<\/p>\n<p><input class=\"wpcf7-form-control wpcf7-submit has-spinner\" type=\"submit\" value=\"Skicka\" \/>\n<\/p><p style=\"display: none !important;\" class=\"akismet-fields-container\" data-prefix=\"_wpcf7_ak_\"><label>&#916;<textarea name=\"_wpcf7_ak_hp_textarea\" cols=\"45\" rows=\"8\" maxlength=\"100\"><\/textarea><\/label><input type=\"hidden\" id=\"ak_js_1\" name=\"_wpcf7_ak_js\" value=\"115\"\/><script>document.getElementById( \"ak_js_1\" ).setAttribute( \"value\", ( new Date() ).getTime() );<\/script><\/p><div class=\"wpcf7-response-output\" aria-hidden=\"true\"><\/div>\n<\/form>\n<\/div>\n\n","protected":false},"excerpt":{"rendered":"<p>&nbsp; Betalning av eventavgiften kan ske via S\u00e4ttra Golf &amp;&nbsp;Boulef\u00f6reningens bankgironummer. Inbetalning till BG: 467-0626 M\u00e4rk inbetalning med eventet och ditt namn Obs! Vid anm\u00e4lan till \u00c5landsresan b\u00f6r \u00e4ven namn, k\u00f6n, f\u00f6delse\u00e5r och nationalitet skrivas upp i anm\u00e4lan eller vid inbetalningen. Observera \u00e4ven att alla inskickade uppgifter sparas fram tills att aktuellt event genomf\u00f6rts. Kontakta&#8230;<\/p>\n","protected":false},"author":4,"featured_media":0,"parent":0,"menu_order":1,"comment_status":"closed","ping_status":"closed","template":"","meta":{"footnotes":""},"_links":{"self":[{"href":"https:\/\/www.sattraboule.se\/index.php?rest_route=\/wp\/v2\/pages\/338"}],"collection":[{"href":"https:\/\/www.sattraboule.se\/index.php?rest_route=\/wp\/v2\/pages"}],"about":[{"href":"https:\/\/www.sattraboule.se\/index.php?rest_route=\/wp\/v2\/types\/page"}],"author":[{"embeddable":true,"href":"https:\/\/www.sattraboule.se\/index.php?rest_route=\/wp\/v2\/users\/4"}],"replies":[{"embeddable":true,"href":"https:\/\/www.sattraboule.se\/index.php?rest_route=%2Fwp%2Fv2%2Fcomments&post=338"}],"version-history":[{"count":7,"href":"https:\/\/www.sattraboule.se\/index.php?rest_route=\/wp\/v2\/pages\/338\/revisions"}],"predecessor-version":[{"id":845,"href":"https:\/\/www.sattraboule.se\/index.php?rest_route=\/wp\/v2\/pages\/338\/revisions\/845"}],"wp:attachment":[{"href":"https:\/\/www.sattraboule.se\/index.php?rest_route=%2Fwp%2Fv2%2Fmedia&parent=338"}],"curies":[{"name":"wp","href":"https:\/\/api.w.org\/{rel}","templated":true}]}}