{"id":5,"date":"2015-12-07T21:59:51","date_gmt":"2015-12-07T20:59:51","guid":{"rendered":"http:\/\/www.s\u00e4ttraboule.se\/?page_id=5"},"modified":"2024-06-18T05:45:28","modified_gmt":"2024-06-18T03:45:28","slug":"om","status":"publish","type":"page","link":"https:\/\/www.sattraboule.se\/?page_id=5","title":{"rendered":"Om oss"},"content":{"rendered":"<p>S\u00e4ttra Golf- och Bouleklubb \u00e4r en boule-f\u00f6rening i Roslagen som startades 2003 av n\u00e5gra h\u00e4ngivna entusiaster. Vi spelar och har trevligt tillsammans. Alla \u00e4r v\u00e4lkomna som medlemmar i S\u00e4ttra Golf- och Bouleklubb. Som medlem f\u00e5r du delta i alla evenemang klubben anordnar, som till exempel Bouleturneringar, sm\u00e5 fester och event. Om du \u00e4r intresserad av att bli medlem \u00e4r du v\u00e4lkommen att bli det h\u00e4r p\u00e5 sidan, g\u00e5 till fliken bli medlem och l\u00e4s mer d\u00e4r.<\/p>\n<p>Vill du inte bli medlem \u00e4r du v\u00e4lkommen till oss \u00e4nd\u00e5 f\u00f6r att umg\u00e5s, handla i serveringen och spela boule eller minigolf. Minigolfklubbor och bollar finns att l\u00e5na gratis p\u00e5 plats.<\/p>\n<p>Allt vi g\u00f6r \u00e4r baserat p\u00e5 volont\u00e4r arbete fr\u00e5n alla oss som bor i S\u00e4ttra, eller som vill hj\u00e4lpa till hos oss.<br \/>\nVarmt v\u00e4lkomna!<\/p>\n<h1>Kontakta oss:<\/h1>\n\n<div class=\"wpcf7 no-js\" id=\"wpcf7-f246-o1\" lang=\"sv-SE\" dir=\"ltr\">\n<div class=\"screen-reader-response\"><p role=\"status\" aria-live=\"polite\" aria-atomic=\"true\"><\/p> <ul><\/ul><\/div>\n<form action=\"\/index.php?rest_route=%2Fwp%2Fv2%2Fpages%2F5#wpcf7-f246-o1\" method=\"post\" class=\"wpcf7-form init\" aria-label=\"Kontaktformul\u00e4r\" novalidate=\"novalidate\" data-status=\"init\">\n<div style=\"display: none;\">\n<input type=\"hidden\" name=\"_wpcf7\" value=\"246\" \/>\n<input type=\"hidden\" name=\"_wpcf7_version\" value=\"5.9.3\" \/>\n<input type=\"hidden\" name=\"_wpcf7_locale\" value=\"sv_SE\" \/>\n<input type=\"hidden\" name=\"_wpcf7_unit_tag\" value=\"wpcf7-f246-o1\" \/>\n<input type=\"hidden\" name=\"_wpcf7_container_post\" value=\"0\" \/>\n<input type=\"hidden\" name=\"_wpcf7_posted_data_hash\" value=\"\" \/>\n<input type=\"hidden\" name=\"_wpcf7_recaptcha_response\" value=\"\" \/>\n<\/div>\n<p>Ditt namn\n<\/p>\n<p><span class=\"wpcf7-form-control-wrap\" data-name=\"your-name\"><input size=\"40\" class=\"wpcf7-form-control wpcf7-text wpcf7-validates-as-required\" aria-required=\"true\" aria-invalid=\"false\" value=\"\" type=\"text\" name=\"your-name\" \/><\/span>\n<\/p>\n<p>Din epost (obligatorisk)\n<\/p>\n<p><span class=\"wpcf7-form-control-wrap\" data-name=\"your-email\"><input size=\"40\" class=\"wpcf7-form-control wpcf7-email wpcf7-validates-as-required wpcf7-text wpcf7-validates-as-email\" aria-required=\"true\" aria-invalid=\"false\" value=\"\" type=\"email\" name=\"your-email\" \/><\/span>\n<\/p>\n<p>\u00c4mne\n<\/p>\n<p><span class=\"wpcf7-form-control-wrap\" data-name=\"your-subject\"><input size=\"40\" class=\"wpcf7-form-control wpcf7-text\" aria-invalid=\"false\" value=\"\" type=\"text\" name=\"your-subject\" \/><\/span>\n<\/p>\n<p>Ditt meddelande\n<\/p>\n<p><span class=\"wpcf7-form-control-wrap\" data-name=\"your-message\"><textarea cols=\"40\" rows=\"10\" class=\"wpcf7-form-control wpcf7-textarea\" aria-invalid=\"false\" name=\"your-message\"><\/textarea><\/span>\n<\/p>\n<p><input class=\"wpcf7-form-control wpcf7-submit has-spinner\" type=\"submit\" value=\"Skicka\" \/>\n<\/p><p style=\"display: none !important;\" class=\"akismet-fields-container\" data-prefix=\"_wpcf7_ak_\"><label>&#916;<textarea name=\"_wpcf7_ak_hp_textarea\" cols=\"45\" rows=\"8\" maxlength=\"100\"><\/textarea><\/label><input type=\"hidden\" id=\"ak_js_1\" name=\"_wpcf7_ak_js\" value=\"166\"\/><script>document.getElementById( \"ak_js_1\" ).setAttribute( \"value\", ( new Date() ).getTime() );<\/script><\/p><div class=\"wpcf7-response-output\" aria-hidden=\"true\"><\/div>\n<\/form>\n<\/div>\n\n<h1>Hitta hit:<\/h1>\n<p>Till S\u00e4ttra tar man sig b\u00e4st med bil. Oturligt nog stannar n\u00e4rmaste buss 5 km fr\u00e5n omr\u00e5det (S\u00e4ttra v\u00e4gsk\u00e4l), men v\u00e4garna \u00e4r \u00e4ven vackra att cykla p\u00e5 och riktigt popul\u00e4ra motorcykelleder under sommarhalv\u00e5ret.<\/p>\n<p><strong>V\u00e4gbeskrivning fr\u00e5n Brottby:<\/strong><br \/>\nK\u00f6r p\u00e5 v\u00e4g 268 \u00f6sterut, ca 4 km.<br \/>\nSv\u00e4ng h\u00f6ger mot Brollsta GK. F\u00f6lj v\u00e4gen f\u00f6rbi L\u00e5ngsj\u00f6n, Ekskogen och \u00c4lgeby.<\/p>\n<p>V\u00e4l i S\u00e4ttra \u2013 sv\u00e4ng v\u00e4nster in i omr\u00e5det och uppf\u00f6r en brant backe. F\u00f6lj v\u00e4gen ca. 500 meter. S\u00e4ttra golf- och bouleklubb finns p\u00e5 p\u00e5 h\u00f6ger sida mellan S\u00e4ttra byhus och poolen.<\/p>\n<h1>Styrelsen 2021:<\/h1>\n<p style=\"padding-left: 30px;\">Ordf\u00f6rande: Peter Nyberg<br \/>\nVice Ordf\u00f6rande\/Kass\u00f6r: Jane Svensson<br \/>\nLjud och bild: Claes Cederkvist<br \/>\nByggprojekt: Janne Olsson<br \/>\nAnl\u00e4ggning\/Byggprojekt: Tore Jansson<br \/>\nT\u00e4vlingsverksamhet:\u00a0Dennis\u00a0Singstedt<br \/>\nEvent: G\u00f6ran Pettersson<br \/>\nServering\/Sekreterare: Britt-Inger Nyberg<br \/>\nWebb: Sara H\u00f6gdahl<\/p>\n<h1>Bli sponsor:<\/h1>\n<p>Vill du bidra genom sponsring till S\u00e4ttra Boule- och golfklubb? H\u00e4r nedan finns information om hur vi arbetar med sponsring.<\/p>\n<p><strong>Definition av sponsring:<\/strong><\/p>\n<p>Sponsring \u00e4r associationsmarknadsf\u00f6ring:<br \/>\n<em>\u201dEn aff\u00e4rsm\u00e4ssig metod f\u00f6r kommunikation, marknadsf\u00f6ring och f\u00f6rs\u00e4ljning.\u201d<br \/>\n<\/em>Sponsring bygger p\u00e5 ett kommersiellt avtal mellan (normalt) tv\u00e5 parter, d\u00e4r ett f\u00f6retag betalar f\u00f6r kommersiella r\u00e4ttigheter att utnyttja en association med ett evanemang, person, organisation, f\u00f6rening, projekt, etc\u2026<br \/>\n<em>K\u00e4lla: Sponsringsf\u00f6reningen<\/em><\/p>\n<p><b>Sponsoravtal mellan oss:<\/b><\/p>\n<p>Sponsring \u00e4r en aff\u00e4rs\u00f6verenskommelse, och ska som andra aff\u00e4rsavtal tecknad ned.<br \/>\nAvtalet ska tydligt ange de olika parternas \u00e5tagande, och vad som h\u00e4nder om detta inte efterlevs.<br \/>\nAvtal minimerar risken f\u00f6r missf\u00f6rst\u00e5nd, saker kan tas f\u00f6r givna, detaljer kan gl\u00f6mmas bort.<br \/>\nF\u00f6renklar d\u00e5 kontaktpersoner byts ut.<br \/>\nI avtalet ska syften och m\u00e5l framg\u00e5 s\u00e5 att parterna under och efter avtalet ska kunna f\u00f6lja upp och utv\u00e4rdera resultaten.<br \/>\nAvtalet beh\u00f6vs f\u00f6r att f\u00f6retaget ska kunna f\u00e5 skatteavdrag f\u00f6r de delar av insatserna.<\/p>\n<p class=\"ecxMsoNormal\">Du \u00e4r v\u00e4lkommen att kontakta Peter Nyberg om du vill diskutera fram en \u00a0sponsringsl\u00f6sning som gagnar din aff\u00e4r.<\/p>\n<p class=\"ecxMsoNormal\">p.nyberg@outlook.com<\/p>\n","protected":false},"excerpt":{"rendered":"<p>S\u00e4ttra Golf- och Bouleklubb \u00e4r en boule-f\u00f6rening i Roslagen som startades 2003 av n\u00e5gra h\u00e4ngivna entusiaster. Vi spelar och har trevligt tillsammans. Alla \u00e4r v\u00e4lkomna som medlemmar i S\u00e4ttra Golf- och Bouleklubb. Som medlem f\u00e5r du delta i alla evenemang klubben anordnar, som till exempel Bouleturneringar, sm\u00e5 fester och event. Om du \u00e4r intresserad av&#8230;<\/p>\n","protected":false},"author":1,"featured_media":0,"parent":0,"menu_order":0,"comment_status":"closed","ping_status":"closed","template":"","meta":{"footnotes":""},"_links":{"self":[{"href":"https:\/\/www.sattraboule.se\/index.php?rest_route=\/wp\/v2\/pages\/5"}],"collection":[{"href":"https:\/\/www.sattraboule.se\/index.php?rest_route=\/wp\/v2\/pages"}],"about":[{"href":"https:\/\/www.sattraboule.se\/index.php?rest_route=\/wp\/v2\/types\/page"}],"author":[{"embeddable":true,"href":"https:\/\/www.sattraboule.se\/index.php?rest_route=\/wp\/v2\/users\/1"}],"replies":[{"embeddable":true,"href":"https:\/\/www.sattraboule.se\/index.php?rest_route=%2Fwp%2Fv2%2Fcomments&post=5"}],"version-history":[{"count":20,"href":"https:\/\/www.sattraboule.se\/index.php?rest_route=\/wp\/v2\/pages\/5\/revisions"}],"predecessor-version":[{"id":1232,"href":"https:\/\/www.sattraboule.se\/index.php?rest_route=\/wp\/v2\/pages\/5\/revisions\/1232"}],"wp:attachment":[{"href":"https:\/\/www.sattraboule.se\/index.php?rest_route=%2Fwp%2Fv2%2Fmedia&parent=5"}],"curies":[{"name":"wp","href":"https:\/\/api.w.org\/{rel}","templated":true}]}}